{"id":2011,"date":"2024-12-11T09:31:38","date_gmt":"2024-12-11T13:31:38","guid":{"rendered":"https:\/\/ppec.ufms.br\/?page_id=2011"},"modified":"2024-12-26T08:21:04","modified_gmt":"2024-12-26T12:21:04","slug":"internacionalizacao","status":"publish","type":"page","link":"https:\/\/ppgeci.ufms.br\/en\/internacionalizacao\/","title":{"rendered":"Internacionaliza\u00e7\u00e3o"},"content":{"rendered":"<p><img fetchpriority=\"high\" decoding=\"async\" class=\"aligncenter\" src=\"https:\/\/acicg.com.br\/wp-content\/uploads\/2022\/08\/internacionalizacao-acicg.jpg\" alt=\"Programa da ACICG auxilia na internacionaliza\u00e7\u00e3o de empresas da Capital - Associa\u00e7\u00e3o Comercial e Industrial de Campo Grande\" width=\"315\" height=\"211\" \/><\/p>\n<p><span style=\"font-weight: 400\">A internacionaliza\u00e7\u00e3o na p\u00f3s-gradua\u00e7\u00e3o \u00e9 um elemento essencial para o avan\u00e7o acad\u00eamico e cient\u00edfico das institui\u00e7\u00f5es de ensino superior. Ao promover parcerias internacionais, interc\u00e2mbios acad\u00eamicos e uma abordagem multicultural no ensino, o Programa de P\u00f3s-Gradua\u00e7\u00e3o em Ensino de Ci\u00eancias (PPGECI) da Universidade Federal de Mato Grosso do Sul (UFMS)<\/span> <span style=\"font-weight: 400\">n\u00e3o apenas enriquece sua pr\u00f3pria proposta pedag\u00f3gica, mas tamb\u00e9m contribui significativamente para o avan\u00e7o da educa\u00e7\u00e3o em ci\u00eancias no Brasil e no exterior.\u00a0<\/span><\/p>\n<p><span style=\"font-weight: 400\">Essa estrat\u00e9gia n\u00e3o deve ser vista apenas como uma meta isolada, mas como um meio para fortalecer a qualidade da educa\u00e7\u00e3o e da pesquisa cient\u00edfica, beneficiando toda a comunidade acad\u00eamica envolvida.<\/span><\/p>\n<p><span style=\"font-weight: 400\">O PPGECI possui 3 conv\u00eanios ativos:<\/span><\/p>\n<p><b>Cuba<\/b><span style=\"font-weight: 400\"> &#8211; Universidad de Matanzas;<\/span><\/p>\n<p><b>Bol\u00edvia <\/b><span style=\"font-weight: 400\">&#8211; Universidad del Valle (Univalle) &#8211; Cochabamba, La Paz, Sucre, Santa Cruz;<\/span><\/p>\n<p><b>Col\u00f4mbia <\/b><span style=\"font-weight: 400\">&#8211; Universidad Pedag\u00f3gica Nacional <\/span><span style=\"font-weight: 400\">(UPN) <\/span><a href=\"https:\/\/www.upn.edu.co\/\"><span style=\"font-weight: 400\">https:\/\/www.upn.edu.co\/<\/span><\/a><\/p>\n<ul>\n<li style=\"font-weight: 400\"><b>Tipo:<\/b><span style=\"font-weight: 400\"> Acordo de Coopera\u00e7\u00e3o<\/span><\/li>\n<li style=\"font-weight: 400\"><b>Vig\u00eancia:<\/b><span style=\"font-weight: 400\"> 28\/01\/2027<\/span><\/li>\n<li style=\"font-weight: 400\"><b>Objeto:<\/b><span style=\"font-weight: 400\"> O presente Acordo de Coopera\u00e7\u00e3o tem por objetivo estabelecer a coopera\u00e7\u00e3o internacional entre o Programa de P\u00f3s-Gradua\u00e7\u00e3o em Ensino de Ci\u00eancias da Universidade Federal de Mato Grosso do Sul (UFMS) e os Programas de P\u00f3s-Gradua\u00e7\u00e3o da \u00e1rea de Ensino de Ci\u00eancias e Educa\u00e7\u00e3o da Universidade Pedag\u00f3gica Nacional da Col\u00f4mbia (UPN) e promover a mobilidade acad\u00eamica de docentes e estudantes de gradua\u00e7\u00e3o e p\u00f3s-gradua\u00e7\u00e3o da UFMS e da UPN no marco da coopera\u00e7\u00e3o acad\u00eamica.<\/span><\/li>\n<\/ul>\n<p>&nbsp;<\/p>\n","protected":false},"excerpt":{"rendered":"<p>A internacionaliza\u00e7\u00e3o na p\u00f3s-gradua\u00e7\u00e3o \u00e9 um elemento essencial para o avan\u00e7o acad\u00eamico e cient\u00edfico das institui\u00e7\u00f5es de ensino superior. Ao promover parcerias internacionais, interc\u00e2mbios acad\u00eamicos e uma abordagem multicultural no ensino, o Programa de P\u00f3s-Gradua\u00e7\u00e3o em Ensino de Ci\u00eancias (PPGECI) da Universidade Federal de Mato Grosso do Sul (UFMS) n\u00e3o apenas enriquece sua pr\u00f3pria proposta [&hellip;]<\/p>\n","protected":false},"author":69976,"featured_media":0,"parent":0,"menu_order":0,"comment_status":"closed","ping_status":"closed","template":"","meta":{"footnotes":""},"coauthors":[],"class_list":["post-2011","page","type-page","status-publish","hentry"],"_links":{"self":[{"href":"https:\/\/ppgeci.ufms.br\/en\/wp-json\/wp\/v2\/pages\/2011","targetHints":{"allow":["GET"]}}],"collection":[{"href":"https:\/\/ppgeci.ufms.br\/en\/wp-json\/wp\/v2\/pages"}],"about":[{"href":"https:\/\/ppgeci.ufms.br\/en\/wp-json\/wp\/v2\/types\/page"}],"author":[{"embeddable":true,"href":"https:\/\/ppgeci.ufms.br\/en\/wp-json\/wp\/v2\/users\/69976"}],"replies":[{"embeddable":true,"href":"https:\/\/ppgeci.ufms.br\/en\/wp-json\/wp\/v2\/comments?post=2011"}],"version-history":[{"count":4,"href":"https:\/\/ppgeci.ufms.br\/en\/wp-json\/wp\/v2\/pages\/2011\/revisions"}],"predecessor-version":[{"id":2578,"href":"https:\/\/ppgeci.ufms.br\/en\/wp-json\/wp\/v2\/pages\/2011\/revisions\/2578"}],"wp:attachment":[{"href":"https:\/\/ppgeci.ufms.br\/en\/wp-json\/wp\/v2\/media?parent=2011"}],"wp:term":[{"taxonomy":"author","embeddable":true,"href":"https:\/\/ppgeci.ufms.br\/en\/wp-json\/wp\/v2\/coauthors?post=2011"}],"curies":[{"name":"wp","href":"https:\/\/api.w.org\/{rel}","templated":true}]}}