{"id":2027,"date":"2024-12-12T09:49:16","date_gmt":"2024-12-12T13:49:16","guid":{"rendered":"https:\/\/ppec.ufms.br\/?page_id=2027"},"modified":"2025-04-01T14:07:48","modified_gmt":"2025-04-01T18:07:48","slug":"estagio-em-docencia","status":"publish","type":"page","link":"https:\/\/ppgeci.ufms.br\/en\/estagio-em-docencia\/","title":{"rendered":"Est\u00e1gio de Doc\u00eancia"},"content":{"rendered":"<p>O est\u00e1gio de doc\u00eancia na p\u00f3s-gradua\u00e7\u00e3o \u00e9 uma atividade pr\u00e1tica realizada por estudantes de mestrado e doutorado, visando integr\u00e1-los ao processo de ensino na educa\u00e7\u00e3o superior.<\/p>\n<p>H\u00e1 duas modalidades de est\u00e1gio doc\u00eancia, conforme as normativas da UFMS:<\/p>\n<div class=\"container-linhas\">\n<div class=\"secao\">\n<h4 style=\"line-height: 1;color: #0f4c93\">Disciplina Integral<\/h4>\n<p>Compreende a assun\u00e7\u00e3o pelo estudante de uma disciplina como <strong>Professor Volunt\u00e1rio<\/strong>, sob a tutoria de um professor, preferencialmente seu orientador.<\/p>\n<\/p><\/div>\n<div class=\"secao\">\n<h4 style=\"line-height: 1;color: #0f4c93\">Disciplina Parcial<\/h4>\n<p>Compreende o acompanhamento do estudante em uma disciplina ministrada por professor da UFMS.<\/p>\n<\/p><\/div>\n<\/div>\n<ul>\n<li>O Est\u00e1gio de Doc\u00eancia \u00e9 <strong>obrigat\u00f3rio<\/strong> para alunos bolsistas;<\/li>\n<li>O Est\u00e1gio de Doc\u00eancia possui dois cr\u00e9ditos para o Mestrado e quatro cr\u00e9ditos para o Doutorado;<\/li>\n<li>O professor da disciplina dever\u00e1 informar a exist\u00eancia do estagi\u00e1rio no Plano de Ensino da disciplina;<\/li>\n<li>O requerimento de matr\u00edcula em Est\u00e1gio Doc\u00eancia, com aval do orientador, dever\u00e1 ser acompanhado de um Plano de Trabalho elaborado em conjunto com o professor respons\u00e1vel pela disciplina.<\/li>\n<\/ul>\n","protected":false},"excerpt":{"rendered":"<p>O est\u00e1gio de doc\u00eancia na p\u00f3s-gradua\u00e7\u00e3o \u00e9 uma atividade pr\u00e1tica realizada por estudantes de mestrado e doutorado, visando integr\u00e1-los ao processo de ensino na educa\u00e7\u00e3o superior. H\u00e1 duas modalidades de est\u00e1gio doc\u00eancia, conforme as normativas da UFMS: Disciplina Integral Compreende a assun\u00e7\u00e3o pelo estudante de uma disciplina como Professor Volunt\u00e1rio, sob a tutoria de um [&hellip;]<\/p>\n","protected":false},"author":69976,"featured_media":0,"parent":0,"menu_order":0,"comment_status":"closed","ping_status":"closed","template":"","meta":{"footnotes":""},"coauthors":[],"class_list":["post-2027","page","type-page","status-publish","hentry"],"_links":{"self":[{"href":"https:\/\/ppgeci.ufms.br\/en\/wp-json\/wp\/v2\/pages\/2027","targetHints":{"allow":["GET"]}}],"collection":[{"href":"https:\/\/ppgeci.ufms.br\/en\/wp-json\/wp\/v2\/pages"}],"about":[{"href":"https:\/\/ppgeci.ufms.br\/en\/wp-json\/wp\/v2\/types\/page"}],"author":[{"embeddable":true,"href":"https:\/\/ppgeci.ufms.br\/en\/wp-json\/wp\/v2\/users\/69976"}],"replies":[{"embeddable":true,"href":"https:\/\/ppgeci.ufms.br\/en\/wp-json\/wp\/v2\/comments?post=2027"}],"version-history":[{"count":5,"href":"https:\/\/ppgeci.ufms.br\/en\/wp-json\/wp\/v2\/pages\/2027\/revisions"}],"predecessor-version":[{"id":2805,"href":"https:\/\/ppgeci.ufms.br\/en\/wp-json\/wp\/v2\/pages\/2027\/revisions\/2805"}],"wp:attachment":[{"href":"https:\/\/ppgeci.ufms.br\/en\/wp-json\/wp\/v2\/media?parent=2027"}],"wp:term":[{"taxonomy":"author","embeddable":true,"href":"https:\/\/ppgeci.ufms.br\/en\/wp-json\/wp\/v2\/coauthors?post=2027"}],"curies":[{"name":"wp","href":"https:\/\/api.w.org\/{rel}","templated":true}]}}