{"id":2028,"date":"2024-12-12T09:49:20","date_gmt":"2024-12-12T13:49:20","guid":{"rendered":"https:\/\/ppec.ufms.br\/?page_id=2028"},"modified":"2025-03-26T10:28:02","modified_gmt":"2025-03-26T14:28:02","slug":"tutoriais","status":"publish","type":"page","link":"https:\/\/ppgeci.ufms.br\/en\/tutoriais\/","title":{"rendered":"Tutoriais"},"content":{"rendered":"<h2>Tutoriais da P\u00f3s-Gradua\u00e7\u00e3o<\/h2>\n<p><a class=\"botao-arquivo\" href=\"https:\/\/ppgeci.ufms.br\/files\/2025\/03\/solicitacao_de_matricula_online.pdf\">Tutorial de solicita\u00e7\u00e3o de matr\u00edcula online<br \/>\n<span style=\"font-size: 10pt\">Semestralmente &#8211; quando for se matricular em disciplinas<\/span><\/a><br \/>\n<a class=\"botao-arquivo\" href=\"https:\/\/ppgeci.ufms.br\/files\/2025\/03\/solicitacao_de_renovacao_de_matricula.pdf\">Tutorial de solicita\u00e7\u00e3o de renova\u00e7\u00e3o online (semestral)<br \/>\n<span style=\"font-size: 10pt\">Semestralmente &#8211; quando n\u00e3o for se matricular em disciplinas (apenas para manter o v\u00ednculo)<\/span><\/a><br \/>\n<a class=\"botao-arquivo\" href=\"https:\/\/ppgeci.ufms.br\/files\/2025\/03\/acessar-o-Diploma-Digital-no-Siscad-pelo-computador.pdf\">Como acessar o Diploma Digital no Siscad<\/a><br \/>\n<a class=\"botao-arquivo\" href=\"https:\/\/ppgeci.ufms.br\/files\/2025\/03\/SEI-Solicitar-cadastro-de-usuario-externo-e-assinar-documento.pdf\">Orienta\u00e7\u00f5es de cadastro de usu\u00e1rio externo ao SEI e assinatura de documentos<\/a><br \/>\n<a class=\"botao-arquivo\" href=\"https:\/\/ppgeci.ufms.br\/files\/2025\/03\/assinatura-externa-sei.pdf\">Solicitar assinatura de usu\u00e1rio externo no SEI<\/a><\/p>\n<h2>Tutoriais da biblioteca<\/h2>\n<p><a class=\"botao-arquivo\" href=\"https:\/\/bibliotecas.ufms.br\/category\/tutoriais\/\">Todos os tutoriais da Biblioteca<br \/>\n<span style=\"font-size: 10pt\">Acesse todos os tutoriais do sistema de bibliotecas da UFMS<\/span><\/a><br \/>\n<a class=\"botao-arquivo\" href=\"https:\/\/bibliotecas.ufms.br\/files\/2021\/06\/Cadastro-de-usu\u00e1rios-site.pdf\">Cadastro de usu\u00e1rios da Biblioteca<\/a><br \/>\n<a class=\"botao-arquivo\" href=\"https:\/\/bibliotecas.ufms.br\/files\/2021\/06\/Tutorial-Target-GEDWeb.pdf\">Tutorial plataforma Target GEDWeb<br \/>\n<span style=\"font-size: 10pt\">Acesse normas t\u00e9cnicas (ABNT, ANVISA, ISO, INMETRO, etc.) e documentos regulat\u00f3rios<\/span><\/a><\/p>\n<h2>Tutoriais AGETIC<\/h2>\n<p><a class=\"botao-arquivo\" href=\"https:\/\/agetic.ufms.br\/category\/tutoriais\/\">Todos os tutoriais da AGETIC<\/a><br \/>\n<a class=\"botao-arquivo\" href=\"https:\/\/agetic.ufms.br\/files\/2023\/05\/Rede-sem-fio-Eduroam-Sistemas-operacionais-de-computadores.pdf\">Acesso ao wi-fi Eduroam &#8211; computadores<\/a><br \/>\n<a class=\"botao-arquivo\" href=\"https:\/\/agetic.ufms.br\/files\/2023\/05\/Rede-sem-fio-Eduroam-Dispositivos-moveis.pdf\">Acesso ao wi-fi Eduroam &#8211; dispositivos m\u00f3veis<\/a><\/p>\n","protected":false},"excerpt":{"rendered":"<p>Tutoriais da P\u00f3s-Gradua\u00e7\u00e3o Tutorial de solicita\u00e7\u00e3o de matr\u00edcula online Semestralmente &#8211; quando for se matricular em disciplinas Tutorial de solicita\u00e7\u00e3o de renova\u00e7\u00e3o online (semestral) Semestralmente &#8211; quando n\u00e3o for se matricular em disciplinas (apenas para manter o v\u00ednculo) Como acessar o Diploma Digital no Siscad Orienta\u00e7\u00f5es de cadastro de usu\u00e1rio externo ao SEI e assinatura [&hellip;]<\/p>\n","protected":false},"author":69976,"featured_media":0,"parent":0,"menu_order":0,"comment_status":"closed","ping_status":"closed","template":"","meta":{"footnotes":""},"coauthors":[],"class_list":["post-2028","page","type-page","status-publish","hentry"],"_links":{"self":[{"href":"https:\/\/ppgeci.ufms.br\/en\/wp-json\/wp\/v2\/pages\/2028","targetHints":{"allow":["GET"]}}],"collection":[{"href":"https:\/\/ppgeci.ufms.br\/en\/wp-json\/wp\/v2\/pages"}],"about":[{"href":"https:\/\/ppgeci.ufms.br\/en\/wp-json\/wp\/v2\/types\/page"}],"author":[{"embeddable":true,"href":"https:\/\/ppgeci.ufms.br\/en\/wp-json\/wp\/v2\/users\/69976"}],"replies":[{"embeddable":true,"href":"https:\/\/ppgeci.ufms.br\/en\/wp-json\/wp\/v2\/comments?post=2028"}],"version-history":[{"count":6,"href":"https:\/\/ppgeci.ufms.br\/en\/wp-json\/wp\/v2\/pages\/2028\/revisions"}],"predecessor-version":[{"id":2769,"href":"https:\/\/ppgeci.ufms.br\/en\/wp-json\/wp\/v2\/pages\/2028\/revisions\/2769"}],"wp:attachment":[{"href":"https:\/\/ppgeci.ufms.br\/en\/wp-json\/wp\/v2\/media?parent=2028"}],"wp:term":[{"taxonomy":"author","embeddable":true,"href":"https:\/\/ppgeci.ufms.br\/en\/wp-json\/wp\/v2\/coauthors?post=2028"}],"curies":[{"name":"wp","href":"https:\/\/api.w.org\/{rel}","templated":true}]}}