{"id":2034,"date":"2024-12-12T09:52:00","date_gmt":"2024-12-12T13:52:00","guid":{"rendered":"https:\/\/ppec.ufms.br\/?page_id=2034"},"modified":"2026-02-23T21:33:28","modified_gmt":"2026-02-24T01:33:28","slug":"coordenacao-e-secretaria","status":"publish","type":"page","link":"https:\/\/ppgeci.ufms.br\/en\/coordenacao-e-secretaria\/","title":{"rendered":"Coordena\u00e7\u00e3o e secretaria"},"content":{"rendered":"<div class=\"secao\">\n<h3>Coordena\u00e7\u00e3o<\/h3>\n<h5>Profa. Dra. Maria In\u00eas de Affonseca Jardim<\/h5>\n<p>E-mail: <a href=\"mailto:coordppgeci.infi@gmail.com\">coordppgeci.infi@gmail.com<\/a> | Telefone: (67) 3345-7712<\/p>\n<h5><strong>Funcionamento:<\/strong><\/h5>\n<p><strong>Segundas, ter\u00e7as e quartas-feiras:<\/strong> das 14h \u00e0s 19h<\/p>\n<p><strong>Quintas e sextas-feiras:<\/strong> integral (manh\u00e3, tarde e noite)<\/p>\n<\/div>\n<div class=\"secao\">\n<h3>Secretaria<\/h3>\n<h5>Luana Malaman da Silva<\/h5>\n<p>E-mail: <a title=\"mailto:ppgeci.infi@ufms.br\" href=\"mailto:ppgeci.infi@ufms.br\" data-linkindex=\"0\" data-ogsc=\"\" data-olk-copy-source=\"MessageBody\">ppgeci.infi@ufms.br<\/a> | Telefone: (67) 98129-1884<\/p>\n<h5><strong>Funcionamento:<\/strong><\/h5>\n<p>De segunda a sexta-feira, das 8h \u00e0s 17h &#8211; Home office.<\/p>\n<\/div>\n<div class=\"secao\">\n<h3>Endere\u00e7o para Correspond\u00eancia<\/h3>\n<p>Secretaria do Programa de P\u00f3s-gradua\u00e7\u00e3o em Ensino de Ci\u00eancias<\/p>\n<p>Av. Costa e Silva, s.n., Bairro Universit\u00e1rio &#8211; Instituto de F\u00edsica &#8211; Bloco 5, Setor 1<\/p>\n<p>CEP 79070-900. Campo Grande\u2013MS<\/p>\n<\/div>\n","protected":false},"excerpt":{"rendered":"<p>Coordena\u00e7\u00e3o Profa. Dra. Maria In\u00eas de Affonseca Jardim E-mail: coordppgeci.infi@gmail.com | Telefone: (67) 3345-7712 Funcionamento: Segundas, ter\u00e7as e quartas-feiras: das 14h \u00e0s 19h Quintas e sextas-feiras: integral (manh\u00e3, tarde e noite) Secretaria Luana Malaman da Silva E-mail: ppgeci.infi@ufms.br | Telefone: (67) 98129-1884 Funcionamento: De segunda a sexta-feira, das 8h \u00e0s 17h &#8211; Home office. Endere\u00e7o [&hellip;]<\/p>\n","protected":false},"author":69976,"featured_media":0,"parent":0,"menu_order":0,"comment_status":"closed","ping_status":"closed","template":"","meta":{"footnotes":""},"coauthors":[44],"class_list":["post-2034","page","type-page","status-publish","hentry"],"_links":{"self":[{"href":"https:\/\/ppgeci.ufms.br\/en\/wp-json\/wp\/v2\/pages\/2034","targetHints":{"allow":["GET"]}}],"collection":[{"href":"https:\/\/ppgeci.ufms.br\/en\/wp-json\/wp\/v2\/pages"}],"about":[{"href":"https:\/\/ppgeci.ufms.br\/en\/wp-json\/wp\/v2\/types\/page"}],"author":[{"embeddable":true,"href":"https:\/\/ppgeci.ufms.br\/en\/wp-json\/wp\/v2\/users\/69976"}],"replies":[{"embeddable":true,"href":"https:\/\/ppgeci.ufms.br\/en\/wp-json\/wp\/v2\/comments?post=2034"}],"version-history":[{"count":16,"href":"https:\/\/ppgeci.ufms.br\/en\/wp-json\/wp\/v2\/pages\/2034\/revisions"}],"predecessor-version":[{"id":3022,"href":"https:\/\/ppgeci.ufms.br\/en\/wp-json\/wp\/v2\/pages\/2034\/revisions\/3022"}],"wp:attachment":[{"href":"https:\/\/ppgeci.ufms.br\/en\/wp-json\/wp\/v2\/media?parent=2034"}],"wp:term":[{"taxonomy":"author","embeddable":true,"href":"https:\/\/ppgeci.ufms.br\/en\/wp-json\/wp\/v2\/coauthors?post=2034"}],"curies":[{"name":"wp","href":"https:\/\/api.w.org\/{rel}","templated":true}]}}