{"id":2370,"date":"2024-12-12T10:53:18","date_gmt":"2024-12-12T14:53:18","guid":{"rendered":"https:\/\/ppec.ufms.br\/?page_id=2370"},"modified":"2024-12-12T14:34:28","modified_gmt":"2024-12-12T18:34:28","slug":"insercao-social","status":"publish","type":"page","link":"https:\/\/ppgeci.ufms.br\/en\/insercao-social\/","title":{"rendered":"Inser\u00e7\u00e3o social"},"content":{"rendered":"<p style=\"text-align: left\"><span style=\"font-weight: 400\">A inser\u00e7\u00e3o social no contexto da p\u00f3s-gradua\u00e7\u00e3o \u00e9 entendida como uma responsabilidade que vai al\u00e9m da produ\u00e7\u00e3o acad\u00eamica. Ela envolve a articula\u00e7\u00e3o entre ensino, pesquisa e extens\u00e3o, buscando um impacto positivo na sociedade. O PPGECI incentiva seus alunos e professores a se engajarem em atividades que promovam a transforma\u00e7\u00e3o social, permitindo que o conhecimento gerado na universidade repercuta nas realidades locais e regionais.<\/span><\/p>\n<p><b>\u00a0Atividades de Inser\u00e7\u00e3o Social<\/b><\/p>\n<p><span style=\"font-weight: 400\">As atividades de inser\u00e7\u00e3o social do Programa de P\u00f3s-Gradua\u00e7\u00e3o em Ensino de Ci\u00eancias incluem:<\/span><\/p>\n<p><span style=\"font-weight: 400\">&#8211; Participa\u00e7\u00e3o em Comiss\u00f5es: Professores e alunos atuam em comiss\u00f5es de \u00f3rg\u00e3os p\u00fablicos, contribuindo com suas expertises para o desenvolvimento de pol\u00edticas p\u00fablicas.<\/span><\/p>\n<p><span style=\"font-weight: 400\">&#8211; Projetos Comunit\u00e1rios: Desenvolvimento de projetos que visam atender demandas espec\u00edficas das comunidades, promovendo educa\u00e7\u00e3o cient\u00edfica e conscientiza\u00e7\u00e3o sobre quest\u00f5es ambientais e sociais.<\/span><\/p>\n<p><span style=\"font-weight: 400\">&#8211; Parcerias com Escolas: Estabelecimento de colabora\u00e7\u00f5es com institui\u00e7\u00f5es de ensino b\u00e1sico para promover a forma\u00e7\u00e3o continuada de professores e a melhoria do ensino de ci\u00eancias.<\/span><\/p>\n","protected":false},"excerpt":{"rendered":"<p>A inser\u00e7\u00e3o social no contexto da p\u00f3s-gradua\u00e7\u00e3o \u00e9 entendida como uma responsabilidade que vai al\u00e9m da produ\u00e7\u00e3o acad\u00eamica. Ela envolve a articula\u00e7\u00e3o entre ensino, pesquisa e extens\u00e3o, buscando um impacto positivo na sociedade. O PPGECI incentiva seus alunos e professores a se engajarem em atividades que promovam a transforma\u00e7\u00e3o social, permitindo que o conhecimento gerado [&hellip;]<\/p>\n","protected":false},"author":69976,"featured_media":0,"parent":0,"menu_order":0,"comment_status":"closed","ping_status":"closed","template":"","meta":{"footnotes":""},"coauthors":[],"class_list":["post-2370","page","type-page","status-publish","hentry"],"_links":{"self":[{"href":"https:\/\/ppgeci.ufms.br\/en\/wp-json\/wp\/v2\/pages\/2370","targetHints":{"allow":["GET"]}}],"collection":[{"href":"https:\/\/ppgeci.ufms.br\/en\/wp-json\/wp\/v2\/pages"}],"about":[{"href":"https:\/\/ppgeci.ufms.br\/en\/wp-json\/wp\/v2\/types\/page"}],"author":[{"embeddable":true,"href":"https:\/\/ppgeci.ufms.br\/en\/wp-json\/wp\/v2\/users\/69976"}],"replies":[{"embeddable":true,"href":"https:\/\/ppgeci.ufms.br\/en\/wp-json\/wp\/v2\/comments?post=2370"}],"version-history":[{"count":2,"href":"https:\/\/ppgeci.ufms.br\/en\/wp-json\/wp\/v2\/pages\/2370\/revisions"}],"predecessor-version":[{"id":2414,"href":"https:\/\/ppgeci.ufms.br\/en\/wp-json\/wp\/v2\/pages\/2370\/revisions\/2414"}],"wp:attachment":[{"href":"https:\/\/ppgeci.ufms.br\/en\/wp-json\/wp\/v2\/media?parent=2370"}],"wp:term":[{"taxonomy":"author","embeddable":true,"href":"https:\/\/ppgeci.ufms.br\/en\/wp-json\/wp\/v2\/coauthors?post=2370"}],"curies":[{"name":"wp","href":"https:\/\/api.w.org\/{rel}","templated":true}]}}