{"id":312,"date":"2020-09-15T09:41:51","date_gmt":"2020-09-15T13:41:51","guid":{"rendered":"https:\/\/ppec.ufms.br\/?page_id=312"},"modified":"2025-03-26T16:28:33","modified_gmt":"2025-03-26T20:28:33","slug":"grupos-de-pesquisa","status":"publish","type":"page","link":"https:\/\/ppgeci.ufms.br\/en\/grupos-de-pesquisa\/","title":{"rendered":"Grupos de Pesquisa"},"content":{"rendered":"<p style=\"text-align: justify\">Um grupo de pesquisa \u00e9 formado por pesquisadores que compartilham linhas de estudo e objetivos comuns, promovendo a produ\u00e7\u00e3o cient\u00edfica e acad\u00eamica. O orientado deve estar vinculado ao grupo de pesquisa de seu orientador, fortalecendo sua forma\u00e7\u00e3o e alinhando suas atividades \u00e0s diretrizes do grupo. Esses grupos s\u00e3o registrados no Diret\u00f3rio dos Grupos de Pesquisa (DGP) do CNPq, garantindo visibilidade e reconhecimento institucional.<\/p>\n<p>&nbsp;<\/p>\n<p>&nbsp;<\/p>\n<table style=\"border-collapse: separate;background-color: #ecf0f1;border: 15px solid #ecf0f1;border-radius: 10px;width: 100%\">\n<tbody>\n<tr style=\"height: 23px\">\n<td style=\"width: 80.0831%;height: 153.038px\">\n<h4 style=\"margin-top: 0;color: #0f4c93\">Educa\u00e7\u00e3o Ambiental, Saberes e Ci\u00eancias (SACI)<\/h4>\n<p><strong>L\u00edder:<\/strong> Suzete Rosana de Castro Wiziack<br \/>\n<strong>Vice-l\u00edder:<\/strong> Maria Helena da Silva Andrade<\/p>\n<p>Mais informa\u00e7\u00f5es:<br \/>\n<a href=\"http:\/\/dgp.cnpq.br\/dgp\/espelhogrupo\/8650812467273102\"><button style=\"background: #640505;border-radius: 20px;padding: 5px;cursor: pointer;vertical-align: middle;color: #fff;border: none;font-size: 16px;text-align: left\"><img decoding=\"async\" class=\"\" style=\"vertical-align: middle;margin: 0 7px\" src=\"https:\/\/ppgeci.ufms.br\/files\/2024\/12\/dgp_icon_white.png\" width=\"22\" height=\"22\" \/><strong><span style=\"font-size: 10pt\">Diret\u00f3rio de Grupos de Pesquisa\u00a0\u00a0<\/span><\/strong><\/button><\/a><\/td>\n<td style=\"width: 33.5566%\"><img decoding=\"async\" class=\" wp-image-2049 alignright\" style=\"border-radius: 15px\" src=\"https:\/\/ppgeci.ufms.br\/files\/2024\/12\/saci.jpg\" alt=\"\" width=\"151\" height=\"149\" \/><\/td>\n<\/tr>\n<tr style=\"height: 23px\">\n<td style=\"width: 80.0831%;height: 23px\"><strong>Encontros:<\/strong> encontros virtuais mensais \u00e0s quintas-feiras, das 19h \u00e0s 21h.<\/td>\n<td style=\"width: 33.5566%\"><\/td>\n<\/tr>\n<tr style=\"height: 23px\">\n<td style=\"width: 80.0831%;height: 23px\"><strong>Redes sociais: <\/strong><a href=\"https:\/\/www.instagram.com\/saci.ufms\/\"><button style=\"background: #dd2a7b;border-radius: 20px;padding: 5px 7px;cursor: pointer;vertical-align: middle;color: #fff;border: none;font-size: 16px;text-align: left\"><span style=\"font-size: 10pt\">Instagram<\/span><\/button><\/a><\/td>\n<td style=\"width: 33.5566%\"><\/td>\n<\/tr>\n<\/tbody>\n<\/table>\n<p>&nbsp;<\/p>\n<table style=\"border-collapse: separate;background-color: #ecf0f1;border: 15px solid #ecf0f1;border-radius: 10px;width: 100%\">\n<tbody>\n<tr style=\"height: 23px\">\n<td style=\"width: 80.0831%;height: 153.038px\">&nbsp;<\/p>\n<h4 style=\"margin-top: 0;color: #0f4c93\">Grupo de Ensino e Pesquisa em Educa\u00e7\u00e3o em Ci\u00eancias e Qu\u00edmica (GEPEQC)<\/h4>\n<p><strong>L\u00edder:<\/strong> Daniele Correia<br \/>\n<strong>Vice-l\u00edder:<\/strong> Lisiane Barcellos Calheiro<\/p>\n<p>Mais informa\u00e7\u00f5es:<br \/>\n<a href=\"http:\/\/dgp.cnpq.br\/dgp\/espelhogrupo\/0460643028392207\"><button style=\"background: #640505;border-radius: 20px;padding: 5px;cursor: pointer;vertical-align: middle;color: #fff;border: none;font-size: 16px;text-align: left\"><img decoding=\"async\" class=\"\" style=\"vertical-align: middle;margin: 0 7px\" src=\"https:\/\/ppgeci.ufms.br\/files\/2024\/12\/dgp_icon_white.png\" width=\"22\" height=\"22\" \/><strong><span style=\"font-size: 10pt\">Diret\u00f3rio de Grupos de Pesquisa\u00a0\u00a0<\/span><\/strong><\/button><\/a><\/td>\n<td style=\"width: 33.5566%\"><img decoding=\"async\" class=\" wp-image-2049 alignright\" style=\"border-radius: 15px\" src=\"https:\/\/ppgeci.ufms.br\/files\/2024\/12\/gepeqc_icon.png\" alt=\"\" width=\"151\" height=\"149\" \/><\/td>\n<\/tr>\n<tr style=\"height: 23px\">\n<td style=\"width: 80.0831%;height: 23px\"><strong>Encontros: <\/strong>quinzenais, \u00e0s quintas ou sextas-feiras, conforme a programa\u00e7\u00e3o semestral.<\/td>\n<td style=\"width: 33.5566%\"><\/td>\n<\/tr>\n<tr style=\"height: 23px\">\n<td style=\"width: 80.0831%;height: 23px\"><strong>Redes sociais: <\/strong><a href=\"https:\/\/www.instagram.com\/gepeqc.ufms\/\"><button style=\"background: #dd2a7b;border-radius: 20px;padding: 5px 7px;cursor: pointer;vertical-align: middle;color: #fff;border: none;font-size: 16px;text-align: left\"><span style=\"font-size: 10pt\">Instagram<\/span><\/button><\/a><\/td>\n<td style=\"width: 33.5566%\"><\/td>\n<\/tr>\n<\/tbody>\n<\/table>\n<p>&nbsp;<\/p>\n<table style=\"border-collapse: separate;background-color: #ecf0f1;border: 15px solid #ecf0f1;border-radius: 10px;width: 100%\">\n<tbody>\n<tr style=\"height: 23px\">\n<td style=\"width: 80.0831%;height: 153.038px\">\n<h4 style=\"margin-top: 0;color: #0f4c93\">Grupo Interdisciplinar de Pesquisa em Ensino de Ci\u00eancias (GINPEC)<\/h4>\n<p><strong>L\u00edder:<\/strong> Shirley Takeco Gobara<br \/>\n<strong>Vice-l\u00edder:<\/strong> N\u00e1dia Cristina Guimar\u00e3es Errobidart<\/p>\n<p>Mais informa\u00e7\u00f5es:<br \/>\n<a href=\"http:\/\/dgp.cnpq.br\/dgp\/espelhogrupo\/7711413037333078\"><button style=\"background: #640505;border-radius: 20px;padding: 5px;cursor: pointer;vertical-align: middle;color: #fff;border: none;font-size: 16px;text-align: left\"><img decoding=\"async\" class=\"\" style=\"vertical-align: middle;margin: 0 7px\" src=\"https:\/\/ppgeci.ufms.br\/files\/2024\/12\/dgp_icon_white.png\" width=\"22\" height=\"22\" \/><strong><span style=\"font-size: 10pt\">Diret\u00f3rio de Grupos de Pesquisa\u00a0\u00a0<\/span><\/strong><\/button><\/a><\/td>\n<td style=\"width: 33.5566%\"><img loading=\"lazy\" decoding=\"async\" class=\" wp-image-2049 alignright\" style=\"border-radius: 15px\" src=\"https:\/\/ppgeci.ufms.br\/files\/2024\/12\/ginpec.jpg\" alt=\"\" width=\"151\" height=\"149\" \/><\/td>\n<\/tr>\n<tr style=\"height: 23px\">\n<td style=\"width: 80.0831%;height: 23px\"><strong>Encontros:<\/strong> semanais \u00e0s quartas e quintas-feiras, virtualmente.<\/td>\n<td style=\"width: 33.5566%\"><\/td>\n<\/tr>\n<\/tbody>\n<\/table>\n<p>&nbsp;<\/p>\n<table style=\"border-collapse: separate;background-color: #ecf0f1;border: 15px solid #ecf0f1;border-radius: 10px;width: 100%\">\n<tbody>\n<tr style=\"height: 23px\">\n<td style=\"width: 80.0831%;height: 153.038px\">\n<h4 style=\"margin-top: 0;color: #0f4c93\">Grupo Estudo e Pesquisa em Forma\u00e7\u00e3o de Professores e Ensino de Ci\u00eancias (GEPFOPEC)<\/h4>\n<p><strong>L\u00edder:<\/strong> Vera de Mattos Machado<br \/>\n<strong>Vice-l\u00edder:<\/strong> Suzete Rosana de Castro Wiziack<\/p>\n<p>Mais informa\u00e7\u00f5es:<br \/>\n<a href=\"http:\/\/dgp.cnpq.br\/dgp\/espelhogrupo\/3179670130019007\"><button style=\"background: #640505;border-radius: 20px;padding: 5px;cursor: pointer;vertical-align: middle;color: #fff;border: none;font-size: 16px;text-align: left\"><img decoding=\"async\" class=\"\" style=\"vertical-align: middle;margin: 0 7px\" src=\"https:\/\/ppgeci.ufms.br\/files\/2024\/12\/dgp_icon_white.png\" width=\"22\" height=\"22\" \/><strong><span style=\"font-size: 10pt\">Diret\u00f3rio de Grupos de Pesquisa\u00a0\u00a0<\/span><\/strong><\/button><\/a><\/td>\n<td style=\"width: 33.5566%\"><img loading=\"lazy\" decoding=\"async\" class=\" wp-image-2049 alignright\" style=\"border-radius: 15px\" src=\"https:\/\/ppgeci.ufms.br\/files\/2024\/12\/360040147_1415486455913820_7994904375008541560_n.jpg\" alt=\"\" width=\"151\" height=\"149\" \/><\/td>\n<\/tr>\n<tr style=\"height: 23px\">\n<td style=\"width: 80.0831%;height: 23px\"><strong>Encontros:<\/strong> mensais \u00e0s quintas-feiras, das 19h \u00e0s 21h, virtualmente.<\/td>\n<td style=\"width: 33.5566%\"><\/td>\n<\/tr>\n<tr style=\"height: 23px\">\n<td style=\"width: 80.0831%;height: 23px\"><strong>Redes sociais: <a href=\"https:\/\/www.instagram.com\/gepfopec\/\"><button style=\"background: #dd2a7b;border-radius: 20px;padding: 5px 7px;cursor: pointer;vertical-align: middle;color: #fff;border: none;font-size: 16px;text-align: left\"><span style=\"font-size: 10pt\">Instagram<\/span><\/button><\/a><\/strong><\/td>\n<td style=\"width: 33.5566%\"><\/td>\n<\/tr>\n<\/tbody>\n<\/table>\n<p>&nbsp;<\/p>\n<table style=\"border-collapse: separate;background-color: #ecf0f1;border: 15px solid #ecf0f1;border-radius: 10px;width: 100%\">\n<tbody>\n<tr style=\"height: 23px\">\n<td style=\"width: 80.0831%;height: 153.038px\">\n<h4 style=\"margin-top: 0;color: #0f4c93\">Grupo de estudos e pesquisas em Ensino de Ci\u00eancias (GEPECiN)<\/h4>\n<p><strong>L\u00edder:<\/strong> Maria In\u00eas de Affonseca Jardim<br \/>\n<strong>Vice-l\u00edder:<\/strong> Amanda de Mattos Pereira Mano<\/p>\n<p>Mais informa\u00e7\u00f5es:<br \/>\n<a href=\"http:\/\/dgp.cnpq.br\/dgp\/espelhogrupo\/5883326073631584\"><button style=\"background: #640505;border-radius: 20px;padding: 5px;cursor: pointer;vertical-align: middle;color: #fff;border: none;font-size: 16px;text-align: left\"><img decoding=\"async\" class=\"\" style=\"vertical-align: middle;margin: 0 7px\" src=\"https:\/\/ppgeci.ufms.br\/files\/2024\/12\/dgp_icon_white.png\" width=\"22\" height=\"22\" \/><strong><span style=\"font-size: 10pt\">Diret\u00f3rio de Grupos de Pesquisa\u00a0\u00a0<\/span><\/strong><\/button><\/a><\/td>\n<td style=\"width: 33.5566%\"><img loading=\"lazy\" decoding=\"async\" class=\" wp-image-2049 alignright\" style=\"border-radius: 15px\" src=\"https:\/\/ppgeci.ufms.br\/files\/2025\/03\/gepecin_logo.jpg\" alt=\"\" width=\"151\" height=\"149\" \/><\/td>\n<\/tr>\n<tr style=\"height: 23px\">\n<td style=\"width: 80.0831%;height: 23px\"><strong>Encontros:<\/strong> quinzenais, quartas-feiras, \u00e0s 19h, virtualmente.<\/td>\n<td style=\"width: 33.5566%\"><\/td>\n<\/tr>\n<\/tbody>\n<\/table>\n<p>&nbsp;<\/p>\n<table style=\"border-collapse: separate;background-color: #ecf0f1;border: 15px solid #ecf0f1;border-radius: 10px;width: 100%\">\n<tbody>\n<tr style=\"height: 23px\">\n<td style=\"width: 80.0831%;height: 153.038px\">\n<h4 style=\"margin-top: 0;color: #0f4c93\">Estudos Integrados em Biodiversidade do Cerrado e Pantanal<\/h4>\n<p><strong>L\u00edder:<\/strong> Rog\u00e9rio Rodrigues Faria<br \/>\n<strong>Vice-l\u00edder:<\/strong> Camila Aoki<\/p>\n<p>Mais informa\u00e7\u00f5es:<br \/>\n<a href=\"http:\/\/dgp.cnpq.br\/dgp\/espelhogrupo\/7664014238332261\"><button style=\"background: #640505;border-radius: 20px;padding: 5px;cursor: pointer;vertical-align: middle;color: #fff;border: none;font-size: 16px;text-align: left\"><img decoding=\"async\" class=\"\" style=\"vertical-align: middle;margin: 0 7px\" src=\"https:\/\/ppgeci.ufms.br\/files\/2024\/12\/dgp_icon_white.png\" width=\"22\" height=\"22\" \/><strong><span style=\"font-size: 10pt\">Diret\u00f3rio de Grupos de Pesquisa\u00a0\u00a0<\/span><\/strong><\/button><\/a><\/td>\n<td style=\"width: 33.5566%\"><img loading=\"lazy\" decoding=\"async\" class=\" wp-image-2049 alignright\" style=\"border-radius: 15px\" src=\"https:\/\/ppgeci.ufms.br\/files\/2024\/12\/estudos-integrado.jpg\" alt=\"\" width=\"151\" height=\"149\" \/><\/td>\n<\/tr>\n<tr style=\"height: 23px\">\n<td style=\"width: 80.0831%;height: 23px\"><strong>Encontros:<\/strong> conforme planejamento do grupo.<\/td>\n<td style=\"width: 33.5566%\"><\/td>\n<\/tr>\n<\/tbody>\n<\/table>\n<p>&nbsp;<\/p>\n<p>&nbsp;<\/p>\n<table style=\"border-collapse: separate;background-color: #ecf0f1;border: 15px solid #ecf0f1;border-radius: 10px;width: 100%\">\n<tbody>\n<tr style=\"height: 23px\">\n<td style=\"width: 80.0831%;height: 153.038px\">\n<h4 style=\"margin-top: 0;color: #0f4c93\">Grupo de Estudos e Pesquisas em Pol\u00edticas, Forma\u00e7\u00e3o de Professores e Tecnologias Educacionais (GEPPFORTE)<\/h4>\n<p><strong>L\u00edder:<\/strong> Carla Busato Zandavalli<br \/>\n<strong>Vice-l\u00edder:<\/strong> Maria In\u00eas de Affonseca Jardim<\/p>\n<p>Mais informa\u00e7\u00f5es:<br \/>\n<a href=\"http:\/\/dgp.cnpq.br\/dgp\/espelhogrupo\/1383877256014887\"><button style=\"background: #640505;border-radius: 20px;padding: 5px;cursor: pointer;vertical-align: middle;color: #fff;border: none;font-size: 16px;text-align: left\"><img decoding=\"async\" class=\"\" style=\"vertical-align: middle;margin: 0 7px\" src=\"https:\/\/ppgeci.ufms.br\/files\/2024\/12\/dgp_icon_white.png\" width=\"22\" height=\"22\" \/><strong><span style=\"font-size: 10pt\">Diret\u00f3rio de Grupos de Pesquisa\u00a0\u00a0<\/span><\/strong><\/button><\/a><\/td>\n<td style=\"width: 33.5566%\"><img loading=\"lazy\" decoding=\"async\" class=\" wp-image-2049 alignright\" style=\"border-radius: 15px\" src=\"https:\/\/ppgeci.ufms.br\/files\/2024\/12\/geppforte.jpg\" alt=\"\" width=\"151\" height=\"149\" \/><\/td>\n<\/tr>\n<tr style=\"height: 23px\">\n<td style=\"width: 80.0831%;height: 23px\"><strong>Encontros:<\/strong> Quinzenais, no per\u00edodo noturno, virtualmente.<\/td>\n<td style=\"width: 33.5566%\"><\/td>\n<\/tr>\n<tr style=\"height: 23px\">\n<td style=\"width: 80.0831%;height: 23px\"><strong>Redes sociais: <\/strong><a href=\"https:\/\/www.instagram.com\/ufmsgeppforte\"><button style=\"background: #dd2a7b;border-radius: 20px;padding: 5px 7px;cursor: pointer;vertical-align: middle;color: #fff;border: none;font-size: 16px;text-align: left\"><span style=\"font-size: 10pt\">Instagram<\/span><\/button><\/a> <a href=\"https:\/\/www.facebook.com\/geppforte.ufms\/\"><button style=\"background: #1b67f4;border-radius: 20px;padding: 5px 7px;cursor: pointer;vertical-align: middle;color: #fff;border: none;font-size: 16px;text-align: left\"><span style=\"font-size: 10pt\">Facebook<\/span><\/button><\/a> <a href=\"https:\/\/www.youtube.com\/@ufms-geppforte\"><button style=\"background: #e4030b;border-radius: 20px;padding: 5px 7px;cursor: pointer;vertical-align: middle;color: #fff;border: none;font-size: 16px;text-align: left\"><span style=\"font-size: 10pt\">YouTube<\/span><\/button><\/a><\/td>\n<\/tr>\n<\/tbody>\n<\/table>\n<p>&nbsp;<\/p>\n<p>&nbsp;<\/p>\n<table style=\"border-collapse: separate;background-color: #ecf0f1;border: 15px solid #ecf0f1;border-radius: 10px;width: 100%\">\n<tbody>\n<tr style=\"height: 23px\">\n<td style=\"width: 80.0831%;height: 153.038px\">\n<h4 style=\"margin-top: 0;color: #0f4c93\">Physik\u00f3s &#8211; Grupo de Pesquisa em Hist\u00f3ria e Filosofia da F\u00edsica e da Cosmologia<\/h4>\n<p><strong>L\u00edder:<\/strong> Vinicius Carvalho da Silva<br \/>\n<strong>Vice-l\u00edder:<\/strong> Erickson Cristiano dos Santos<\/p>\n<p>Mais informa\u00e7\u00f5es:<br \/>\n<a href=\"http:\/\/dgp.cnpq.br\/dgp\/espelhogrupo\/5248061071701909\"><button style=\"background: #640505;border-radius: 20px;padding: 5px;cursor: pointer;vertical-align: middle;color: #fff;border: none;font-size: 16px;text-align: left\"><img decoding=\"async\" class=\"\" style=\"vertical-align: middle;margin: 0 7px\" src=\"https:\/\/ppgeci.ufms.br\/files\/2024\/12\/dgp_icon_white.png\" width=\"22\" height=\"22\" \/><strong><span style=\"font-size: 10pt\">Diret\u00f3rio de Grupos de Pesquisa\u00a0\u00a0<\/span><\/strong><\/button><\/a><\/td>\n<td style=\"width: 33.5566%\"><img loading=\"lazy\" decoding=\"async\" class=\" wp-image-2049 alignright\" style=\"border-radius: 15px\" src=\"https:\/\/ppgeci.ufms.br\/files\/2024\/12\/phisikos.jpg\" alt=\"\" width=\"151\" height=\"149\" \/><\/td>\n<\/tr>\n<tr style=\"height: 23px\">\n<td style=\"width: 80.0831%;height: 23px\"><strong>Encontros:<\/strong> Reuni\u00f5es presenciais quinzenais (UFMS-CG, Bloco 13. Sextas-feiras, \u00e0s 17h).<br \/>\nSemin\u00e1rio Physik\u00f3s de Filosofia da F\u00edsica e da Cosmologia &#8211; Bimestrais. On-line.<\/td>\n<td style=\"width: 33.5566%\"><\/td>\n<\/tr>\n<tr style=\"height: 23px\">\n<td style=\"width: 80.0831%;height: 23px\"><strong>Redes sociais: <\/strong><a href=\"https:\/\/www.instagram.com\/gp_physikos\/\"><button style=\"background: #dd2a7b;border-radius: 20px;padding: 5px 7px;cursor: pointer;vertical-align: middle;color: #fff;border: none;font-size: 16px;text-align: left\"><span style=\"font-size: 10pt\">Instagram<\/span><\/button><\/a> <a href=\"https:\/\/physikois.webnode.page\"><button style=\"background: #4d4d4d;border-radius: 20px;padding: 5px 7px;cursor: pointer;vertical-align: middle;color: #fff;border: none;font-size: 16px;text-align: left\"><span style=\"font-size: 10pt\">Website<\/span><\/button><\/a> <a href=\"https:\/\/www.youtube.com\/@-physikosfach-ufms3789\"><button style=\"background: #e4030b;border-radius: 20px;padding: 5px 7px;cursor: pointer;vertical-align: middle;color: #fff;border: none;font-size: 16px;text-align: left\"><span style=\"font-size: 10pt\">YouTube<\/span><\/button><\/a><\/td>\n<\/tr>\n<tr style=\"height: 23px\">\n<td style=\"width: 80.0831%;height: 23px\"><strong>Documentos: <\/strong><a href=\"https:\/\/drive.google.com\/file\/d\/1ZwWTmNByQU7D4yqV6V0GCSvMb-QSW8JD\/view\">Relat\u00f3rio Phisik\u00f3s 2020-2022<\/a><\/td>\n<\/tr>\n<\/tbody>\n<\/table>\n<p>&nbsp;<\/p>\n","protected":false},"excerpt":{"rendered":"<p>Um grupo de pesquisa \u00e9 formado por pesquisadores que compartilham linhas de estudo e objetivos comuns, promovendo a produ\u00e7\u00e3o cient\u00edfica e acad\u00eamica. O orientado deve estar vinculado ao grupo de pesquisa de seu orientador, fortalecendo sua forma\u00e7\u00e3o e alinhando suas atividades \u00e0s diretrizes do grupo. Esses grupos s\u00e3o registrados no Diret\u00f3rio dos Grupos de Pesquisa [&hellip;]<\/p>\n","protected":false},"author":1477,"featured_media":0,"parent":0,"menu_order":0,"comment_status":"closed","ping_status":"closed","template":"","meta":{"footnotes":""},"coauthors":[],"class_list":["post-312","page","type-page","status-publish","hentry"],"_links":{"self":[{"href":"https:\/\/ppgeci.ufms.br\/en\/wp-json\/wp\/v2\/pages\/312","targetHints":{"allow":["GET"]}}],"collection":[{"href":"https:\/\/ppgeci.ufms.br\/en\/wp-json\/wp\/v2\/pages"}],"about":[{"href":"https:\/\/ppgeci.ufms.br\/en\/wp-json\/wp\/v2\/types\/page"}],"author":[{"embeddable":true,"href":"https:\/\/ppgeci.ufms.br\/en\/wp-json\/wp\/v2\/users\/1477"}],"replies":[{"embeddable":true,"href":"https:\/\/ppgeci.ufms.br\/en\/wp-json\/wp\/v2\/comments?post=312"}],"version-history":[{"count":35,"href":"https:\/\/ppgeci.ufms.br\/en\/wp-json\/wp\/v2\/pages\/312\/revisions"}],"predecessor-version":[{"id":2773,"href":"https:\/\/ppgeci.ufms.br\/en\/wp-json\/wp\/v2\/pages\/312\/revisions\/2773"}],"wp:attachment":[{"href":"https:\/\/ppgeci.ufms.br\/en\/wp-json\/wp\/v2\/media?parent=312"}],"wp:term":[{"taxonomy":"author","embeddable":true,"href":"https:\/\/ppgeci.ufms.br\/en\/wp-json\/wp\/v2\/coauthors?post=312"}],"curies":[{"name":"wp","href":"https:\/\/api.w.org\/{rel}","templated":true}]}}